{"id":26813,"date":"2025-01-29T15:50:34","date_gmt":"2025-01-29T15:50:34","guid":{"rendered":"https:\/\/totemmedya.com.tr\/?page_id=26813"},"modified":"2025-01-29T15:57:09","modified_gmt":"2025-01-29T15:57:09","slug":"hakkimizda","status":"publish","type":"page","link":"http:\/\/totemmedya.com.tr\/?page_id=26813","title":{"rendered":"Hakk\u0131m\u0131zda"},"content":{"rendered":"<div class=\"wpb-content-wrapper\"><p>[vc_row][vc_column] <div class=\"about-box-container\">\t<div class=\"lp-section-content-container clearfix\"><div class=\"col-md-3 col-sm-6 about-box text-center\">\n\t\t\t\t\t\t<div class=\"about-box-inner lp-border-radius-5 lp-border\">\n\t\t\t\t\t\t\t<div class=\"about-box-slide\">\n\t\t\t\t\t\t\t\t<div class=\"about-box-icon\">\n\t\t\t\t\t\t\t\t\t<!-- Inspection icon by Icons8 -->\n\t\t\t\t\t\t\t\t\t<i class=\"fa fa-desktop\"><\/i>\n\t\t\t\t\t\t\t\t<\/div>\n\t\t\t\t\t\t\t\t<div class=\"about-box-title clearfix\">\n\t\t\t\t\t\t\t\t\t<h4>Totem<\/h4>\n\t\t\t\t\t\t\t\t<\/div>\n\t\t\t\t\t\t\t\t<div class=\"about-box-description\">\n\t\t\t\t\t\t\t\t\t<p class=\"paragraph-small\">\n\t\t\t\t\t\t\t\t\t\tBa\u015fl\u0131ca Ege Ve Akdeniz B\u00f6lgesi Olmak \u00dczere T\u00fcm T\u00fcrkiye'de Karayolu Kenar\u0131 Totem Kiralama Hizmeti Veriyoruz\n\t\t\t\t\t\t\t\t\t<\/p>\n\t\t\t\t\t\t\t\t<\/div>\n\t\t\t\t\t\t\t<\/div>\n\t\t\t\t\t\t<\/div>\n\t\t\t\t\t<\/div><div class=\"col-md-3 col-sm-6 about-box text-center\">\n\t\t\t\t\t\t<div class=\"about-box-inner lp-border-radius-5 lp-border\">\n\t\t\t\t\t\t\t<div class=\"about-box-slide\">\n\t\t\t\t\t\t\t\t<div class=\"about-box-icon\">\n\t\t\t\t\t\t\t\t\t<!-- Inspection icon by Icons8 -->\n\t\t\t\t\t\t\t\t\t<i class=\"fa fa-image\"><\/i>\n\t\t\t\t\t\t\t\t<\/div>\n\t\t\t\t\t\t\t\t<div class=\"about-box-title clearfix\">\n\t\t\t\t\t\t\t\t\t<h4>Megaboard<\/h4>\n\t\t\t\t\t\t\t\t<\/div>\n\t\t\t\t\t\t\t\t<div class=\"about-box-description\">\n\t\t\t\t\t\t\t\t\t<p class=\"paragraph-small\">\n\t\t\t\t\t\t\t\t\t\tBa\u015fl\u0131ca Ege Ve Akdeniz B\u00f6lgesi Olmak \u00dczere T\u00fcm T\u00fcrkiye'de Karayolu Kenar\u0131 Billboard veya Megaboard Kiralama Hizmeti Veriyoruz\n\t\t\t\t\t\t\t\t\t<\/p>\n\t\t\t\t\t\t\t\t<\/div>\n\t\t\t\t\t\t\t<\/div>\n\t\t\t\t\t\t<\/div>\n\t\t\t\t\t<\/div><div class=\"col-md-3 col-sm-6 about-box text-center\">\n\t\t\t\t\t\t<div class=\"about-box-inner lp-border-radius-5 lp-border\">\n\t\t\t\t\t\t\t<div class=\"about-box-slide\">\n\t\t\t\t\t\t\t\t<div class=\"about-box-icon\">\n\t\t\t\t\t\t\t\t\t<!-- Inspection icon by Icons8 -->\n\t\t\t\t\t\t\t\t\t<i class=\"fa fa-arrows\"><\/i>\n\t\t\t\t\t\t\t\t<\/div>\n\t\t\t\t\t\t\t\t<div class=\"about-box-title clearfix\">\n\t\t\t\t\t\t\t\t\t<h4>Led Ekran<\/h4>\n\t\t\t\t\t\t\t\t<\/div>\n\t\t\t\t\t\t\t\t<div class=\"about-box-description\">\n\t\t\t\t\t\t\t\t\t<p class=\"paragraph-small\">\n\t\t\t\t\t\t\t\t\t\tMu\u011fla Milas Atapark Meydan\u0131nda Konumlu Led Ekran \u00dczerinde Reklam \u00c7al\u0131\u015fmalar\u0131 Yap\u0131yoruz\n\t\t\t\t\t\t\t\t\t<\/p>\n\t\t\t\t\t\t\t\t<\/div>\n\t\t\t\t\t\t\t<\/div>\n\t\t\t\t\t\t<\/div>\n\t\t\t\t\t<\/div><div class=\"col-md-3 col-sm-6 about-box text-center\">\n\t\t\t\t\t\t<div class=\"about-box-inner lp-border-radius-5 lp-border\">\n\t\t\t\t\t\t\t<div class=\"about-box-slide\">\n\t\t\t\t\t\t\t\t<div class=\"about-box-icon\">\n\t\t\t\t\t\t\t\t\t<!-- Inspection icon by Icons8 -->\n\t\t\t\t\t\t\t\t\t<i class=\"fa fa-reorder\"><\/i>\n\t\t\t\t\t\t\t\t<\/div>\n\t\t\t\t\t\t\t\t<div class=\"about-box-title clearfix\">\n\t\t\t\t\t\t\t\t\t<h4>Sanayi Tag<\/h4>\n\t\t\t\t\t\t\t\t<\/div>\n\t\t\t\t\t\t\t\t<div class=\"about-box-description\">\n\t\t\t\t\t\t\t\t\t<p class=\"paragraph-small\">\n\t\t\t\t\t\t\t\t\t\tSanayi Siteleri Giri\u015flerinde Tag Uygulamas\u0131 Yaparak Bu Uygulamalar \u00dczerinde Reklam \u00c7al\u0131\u015fmalar\u0131 Yap\u0131yoruz.\n\t\t\t\t\t\t\t\t\t<\/p>\n\t\t\t\t\t\t\t\t<\/div>\n\t\t\t\t\t\t\t<\/div>\n\t\t\t\t\t\t<\/div>\n\t\t\t\t\t<\/div>\t<\/div><\/div>[\/vc_column][\/vc_row][vc_row][vc_column]<div class=\"lp-section-content-container row\">\t<div class=\"col-md-6\">\n\t\t\t\t\t\t<div class=\"\">\n\t\t\t\t\t\t\t<Div class=\"lp-about-section-best-header\">\n\t\t\t\t\t\t\t\t<h3 class=\"margin-top-0\"><\/h3>\n\t\t\t\t\t\t\t\t<p><\/p>\n\t\t\t\t\t\t\t<\/div>\n\t\t\t\t\t\t\t<div class=\"lp-about-section-best-description margin-top-45 \">\n\t\t\t\t\t\t\t\t<p class=\"paragraph-small\">\n\t\t\t\t\t\t\t\t1990 y\u0131l\u0131ndan beri a\u00e7\u0131k hava reklam sekt\u00f6r\u00fcnde faaliyet g\u00f6steren firmam\u0131z 2012 y\u0131l\u0131nda ORM Reklam Paz. A.\u015e. ad\u0131yla kurulmu\u015ftur. \u015eirketimiz reklam sekt\u00f6r\u00fcnde teknolojiden faydalanarak Ankara,Antalya,Mu\u011fla,\u0130zmir,Ayd\u0131n,Eski\u015fehir, Bursa, Burdur, Isparta ve daha bir\u00e7ok b\u00f6lgede \u015fehirlerin en g\u00f6zde noktalar\u0131nda bulunan Led Ekranlar, Bilboardlar , Totemler gibi Reklam-Tan\u0131t\u0131m Alanlar\u0131 ile b\u00fcy\u00fcmesine devam etmektedir.\n\t\t\t\t\t\t\t\t<\/p>\n\t\t\t\t\t\t\t<\/div>\n\t\t\t\t\t\t<\/div><!-- ..\/section-content-container-->\n\t\t\t\t\t<\/div>\n\t\t\t\t\t<div class=\"col-md-6\">\n\t\t\t\t\t\t<div class=\"\">\n\t\t\t\t\t\t\t<img decoding=\"async\" src=\"http:\/\/totemmedya.com.tr\/wp-content\/uploads\/2025\/01\/WhatsApp-Image-2024-09-16-at-14.19.41.jpeg\" alt=\"image\">\n\t\t\t\t\t\t<\/div><!-- ..\/section-content-container-->\n\t\t\t\t\t<\/div><\/div>[\/vc_column][\/vc_row]<\/p>\n<\/div>","protected":false},"excerpt":{"rendered":"<p>[vc_row][vc_column][\/vc_column][\/vc_row][vc_row][vc_column][\/vc_column][\/vc_row]<\/p>\n","protected":false},"author":1,"featured_media":0,"parent":0,"menu_order":0,"comment_status":"closed","ping_status":"closed","template":"","meta":{"footnotes":""},"class_list":["post-26813","page","type-page","status-publish","hentry"],"cubewp_post_meta":[],"taxonomies":[],"_links":{"self":[{"href":"http:\/\/totemmedya.com.tr\/index.php?rest_route=\/wp\/v2\/pages\/26813","targetHints":{"allow":["GET"]}}],"collection":[{"href":"http:\/\/totemmedya.com.tr\/index.php?rest_route=\/wp\/v2\/pages"}],"about":[{"href":"http:\/\/totemmedya.com.tr\/index.php?rest_route=\/wp\/v2\/types\/page"}],"author":[{"embeddable":true,"href":"http:\/\/totemmedya.com.tr\/index.php?rest_route=\/wp\/v2\/users\/1"}],"replies":[{"embeddable":true,"href":"http:\/\/totemmedya.com.tr\/index.php?rest_route=%2Fwp%2Fv2%2Fcomments&post=26813"}],"version-history":[{"count":4,"href":"http:\/\/totemmedya.com.tr\/index.php?rest_route=\/wp\/v2\/pages\/26813\/revisions"}],"predecessor-version":[{"id":26820,"href":"http:\/\/totemmedya.com.tr\/index.php?rest_route=\/wp\/v2\/pages\/26813\/revisions\/26820"}],"wp:attachment":[{"href":"http:\/\/totemmedya.com.tr\/index.php?rest_route=%2Fwp%2Fv2%2Fmedia&parent=26813"}],"curies":[{"name":"wp","href":"https:\/\/api.w.org\/{rel}","templated":true}]}}